{"id":9238,"date":"2024-02-21T10:56:22","date_gmt":"2024-02-21T09:56:22","guid":{"rendered":"https:\/\/fjallmaraton.se\/the-fjallmaraton-week\/jamtkraft-minimaraton\/"},"modified":"2024-04-26T20:46:34","modified_gmt":"2024-04-26T18:46:34","slug":"jamtkraft-minimaraton","status":"publish","type":"page","link":"https:\/\/fjallmaraton.se\/en\/the-fjallmaraton-week\/jamtkraft-minimaraton\/","title":{"rendered":"J\u00e4mtkraft Minimaraton"},"content":{"rendered":"\t\t<div data-elementor-type=\"wp-page\" data-elementor-id=\"9238\" class=\"elementor elementor-9238 elementor-912\" data-elementor-post-type=\"page\">\n\t\t\t\t\t\t<section class=\"elementor-section elementor-top-section elementor-element elementor-element-4b0cf7ea elementor-section-height-min-height elementor-section-full_width elementor-section-height-default elementor-section-items-middle\" data-id=\"4b0cf7ea\" data-element_type=\"section\" data-e-type=\"section\" data-settings=\"{&quot;background_background&quot;:&quot;classic&quot;}\">\n\t\t\t\t\t\t<div class=\"elementor-container elementor-column-gap-no\">\n\t\t\t\t\t<div class=\"elementor-column elementor-col-100 elementor-top-column elementor-element elementor-element-65ca9004\" data-id=\"65ca9004\" data-element_type=\"column\" data-e-type=\"column\" data-settings=\"{&quot;background_background&quot;:&quot;classic&quot;}\">\n\t\t\t<div class=\"elementor-widget-wrap elementor-element-populated\">\n\t\t\t\t\t<div class=\"elementor-background-overlay\"><\/div>\n\t\t\t\t\t\t<section class=\"elementor-section elementor-inner-section elementor-element elementor-element-2ec7dc4c elementor-section-boxed elementor-section-height-default elementor-section-height-default\" data-id=\"2ec7dc4c\" data-element_type=\"section\" data-e-type=\"section\">\n\t\t\t\t\t\t\t<div class=\"elementor-background-overlay\"><\/div>\n\t\t\t\t\t\t\t<div class=\"elementor-container elementor-column-gap-default\">\n\t\t\t\t\t<div class=\"elementor-column elementor-col-100 elementor-inner-column elementor-element elementor-element-3d954d7c\" data-id=\"3d954d7c\" data-element_type=\"column\" data-e-type=\"column\">\n\t\t\t<div class=\"elementor-widget-wrap elementor-element-populated\">\n\t\t\t\t\t\t<div class=\"elementor-element elementor-element-37586828 elementor-widget elementor-widget-image\" data-id=\"37586828\" data-element_type=\"widget\" data-e-type=\"widget\" data-widget_type=\"image.default\">\n\t\t\t\t<div class=\"elementor-widget-container\">\n\t\t\t\t\t\t\t\t\t\t\t\t\t\t\t<img fetchpriority=\"high\" decoding=\"async\" width=\"1024\" height=\"139\" src=\"https:\/\/fjallmaraton.se\/wp-content\/uploads\/2022\/05\/Ja\u0308mtkraft-Minimaraton-neg-1024x139.png\" class=\"attachment-large size-large wp-image-9239\" alt=\"\" srcset=\"https:\/\/fjallmaraton.se\/wp-content\/uploads\/2022\/05\/Ja\u0308mtkraft-Minimaraton-neg-1024x139.png.webp 1024w, https:\/\/fjallmaraton.se\/wp-content\/uploads\/2022\/05\/Ja\u0308mtkraft-Minimaraton-neg-300x41.png.webp 300w, https:\/\/fjallmaraton.se\/wp-content\/uploads\/2022\/05\/Ja\u0308mtkraft-Minimaraton-neg-768x104.png.webp 768w, https:\/\/fjallmaraton.se\/wp-content\/uploads\/2022\/05\/Ja\u0308mtkraft-Minimaraton-neg-1536x208.png.webp 1536w, https:\/\/fjallmaraton.se\/wp-content\/uploads\/2022\/05\/Ja\u0308mtkraft-Minimaraton-neg-2048x278.png.webp 2048w\" sizes=\"(max-width: 1024px) 100vw, 1024px\" \/>\t\t\t\t\t\t\t\t\t\t\t\t\t\t\t<\/div>\n\t\t\t\t<\/div>\n\t\t\t\t\t<\/div>\n\t\t<\/div>\n\t\t\t\t\t<\/div>\n\t\t<\/section>\n\t\t\t\t<div class=\"elementor-element elementor-element-111a9a7d elementor-widget elementor-widget-spacer\" data-id=\"111a9a7d\" data-element_type=\"widget\" data-e-type=\"widget\" data-widget_type=\"spacer.default\">\n\t\t\t\t<div class=\"elementor-widget-container\">\n\t\t\t\t\t\t\t<div class=\"elementor-spacer\">\n\t\t\t<div class=\"elementor-spacer-inner\"><\/div>\n\t\t<\/div>\n\t\t\t\t\t\t<\/div>\n\t\t\t\t<\/div>\n\t\t\t\t<section class=\"elementor-section elementor-inner-section elementor-element elementor-element-cf79f24 elementor-section-boxed elementor-section-height-default elementor-section-height-default\" data-id=\"cf79f24\" data-element_type=\"section\" data-e-type=\"section\">\n\t\t\t\t\t\t<div class=\"elementor-container elementor-column-gap-default\">\n\t\t\t\t\t<div class=\"elementor-column elementor-col-100 elementor-inner-column elementor-element elementor-element-65a8e50\" data-id=\"65a8e50\" data-element_type=\"column\" data-e-type=\"column\">\n\t\t\t<div class=\"elementor-widget-wrap elementor-element-populated\">\n\t\t\t\t\t\t<div class=\"elementor-element elementor-element-71ae640 elementor-widget elementor-widget-image\" data-id=\"71ae640\" data-element_type=\"widget\" data-e-type=\"widget\" data-widget_type=\"image.default\">\n\t\t\t\t<div class=\"elementor-widget-container\">\n\t\t\t\t\t\t\t\t\t\t\t\t\t\t\t\t<a href=\"https:\/\/fjallmaraton.se\/en\/the-fjallmaraton-week\/\">\n\t\t\t\t\t\t\t<img decoding=\"async\" src=\"https:\/\/fjallmaraton.se\/wp-content\/uploads\/elementor\/thumbs\/Untitled-10-qqkj4iiemkuozbyv9qxcrbj9hfn81l5as28zxeshfm.png\" title=\"KIA_fjm grund en del av neg\" alt=\"KIA_fjm grund en del av neg\" loading=\"lazy\" \/>\t\t\t\t\t\t\t\t<\/a>\n\t\t\t\t\t\t\t\t\t\t\t\t\t\t\t<\/div>\n\t\t\t\t<\/div>\n\t\t\t\t\t<\/div>\n\t\t<\/div>\n\t\t\t\t\t<\/div>\n\t\t<\/section>\n\t\t\t\t\t<\/div>\n\t\t<\/div>\n\t\t\t\t\t<\/div>\n\t\t<\/section>\n\t\t\t\t<section class=\"elementor-section elementor-top-section elementor-element elementor-element-40790b5c elementor-section-boxed elementor-section-height-default elementor-section-height-default\" data-id=\"40790b5c\" data-element_type=\"section\" data-e-type=\"section\" data-settings=\"{&quot;background_background&quot;:&quot;classic&quot;}\">\n\t\t\t\t\t\t<div class=\"elementor-container elementor-column-gap-default\">\n\t\t\t\t\t<div class=\"elementor-column elementor-col-100 elementor-top-column elementor-element elementor-element-18c1aa81\" data-id=\"18c1aa81\" data-element_type=\"column\" data-e-type=\"column\">\n\t\t\t<div class=\"elementor-widget-wrap elementor-element-populated\">\n\t\t\t\t\t\t<div class=\"elementor-element elementor-element-249c6b5 elementor-widget elementor-widget-race_info_1_widget\" data-id=\"249c6b5\" data-element_type=\"widget\" data-e-type=\"widget\" data-widget_type=\"race_info_1_widget.default\">\n\t\t\t\t<div class=\"elementor-widget-container\">\n\t\t\t\t\t\t\t\t\t \n\t\t\t\t<div class=\"fjm-race-info\">\n\t\t\t\t\t<div class=\"fjm-info-block\">\n\t\t\t\t\t\t<div class=\"icon-section\">\n\t\t\t\t\t\t\t<div class=\"icon-container\">\n\t\t\t\t\t\t\t\t<i aria-hidden=\"true\" class=\"fas fa-ruler-horizontal\"><\/i>\n\t\t\t\t\t\t\t\t<div class=\"icon-label\">\n\t\t\t\t\t\t\t\t    Distance\t\t\t\t\t\t\t\t<\/div>\n\t\t\t\t\t\t\t<\/div>\n\t\t\t\t\t\t<\/div>\n\t\t\t\t\t\t<div class=\"text-section\">\n\t\t\t\t\t\t\t<div class=\"text-container\">\n\t\t\t\t\t\t\t\t800m \/ 1500m\t\t\t\t\t\t\t<\/div>\n\t\t\t\t\t\t<\/div>\n\t\t\t\t\t<\/div>\n\t\t\t\t\t<div class=\"fjm-info-block\">\n\t\t\t\t\t\t<div class=\"icon-section\">\n\t\t\t\t\t\t\t<div class=\"icon-container\">\n\t\t\t\t\t\t\t\t<i aria-hidden=\"true\" class=\"fas fa-mountain\"><\/i>\n\t\t\t\t\t\t\t\t<div class=\"icon-label\">\n\t\t\t\t\t\t\t\t    Elevation Gain\t\t\t\t\t\t\t\t<\/div>\n\t\t\t\t\t\t\t<\/div>\n\t\t\t\t\t\t<\/div>\n\t\t\t\t\t\t<div class=\"text-section\">\n\t\t\t\t\t\t\t<div class=\"text-container\">\n\t\t\t\t\t\t\t\t\t\t\t\t\t\t\t<\/div>\n\t\t\t\t\t\t<\/div>\n\t\t\t\t\t<\/div>\n\t\t\t\t\t<div class=\"fjm-info-block\">\n\t\t\t\t\t\t<div class=\"icon-section\">\n\t\t\t\t\t\t\t<div class=\"icon-container\">\n\t\t\t\t\t\t\t\t<i aria-hidden=\"true\" class=\"far fa-calendar-check\"><\/i>\n\t\t\t\t\t\t\t\t<div class=\"icon-label\">\n\t\t\t\t\t\t\t\t    Date\t\t\t\t\t\t\t\t<\/div>\n\t\t\t\t\t\t\t<\/div>\n\t\t\t\t\t\t<\/div>\n\t\t\t\t\t\t<div class=\"text-section\">\n\t\t\t\t\t\t\t<div class=\"text-container\">\n\t\t\t\t\t\t\t\t2026-07-25\t\t\t\t\t\t\t<\/div>\n\t\t\t\t\t\t<\/div>\n\t\t\t\t\t<\/div>\n\t\t\t\t\t<div class=\"fjm-info-block\">\n\t\t\t\t\t\t<div class=\"icon-section\">\n\t\t\t\t\t\t\t<div class=\"icon-container\">\n\t\t\t\t\t\t\t\t<i aria-hidden=\"true\" class=\"far fa-clock\"><\/i>\n\t\t\t\t\t\t\t\t<div class=\"icon-label\">\n\t\t\t\t\t\t\t\t\tStart Time\t\t\t\t\t\t\t\t<\/div>\n\t\t\t\t\t\t\t<\/div>\n\t\t\t\t\t\t<\/div>\n\t\t\t\t\t\t<div class=\"text-section\">\n\t\t\t\t\t\t\t<div class=\"text-container\">\n\t\t\t\t\t\t\t\t14:00\t\t\t\t\t\t\t<\/div>\n\t\t\t\t\t\t<\/div>\n\t\t\t\t\t<\/div>\n\t\t\t\t\t<div class=\"fjm-info-block\">\n\t\t\t\t\t\t<div class=\"icon-section\">\n\t\t\t\t\t\t\t<div class=\"icon-container\">\n\t\t\t\t\t\t\t\t<i aria-hidden=\"true\" class=\"fas fa-map-marker-alt\"><\/i>\n\t\t\t\t\t\t\t\t<div class=\"icon-label\">\n\t\t\t\t\t\t\t\t\tStart\t\t\t\t\t\t\t\t<\/div>\n\t\t\t\t\t\t\t<\/div>\n\t\t\t\t\t\t<\/div>\n\t\t\t\t\t\t<div class=\"text-section\">\n\t\t\t\t\t\t\t<div class=\"text-container\">\n\t\t\t\t\t\t\t\tEds\u00e5sdalen\t\t\t\t\t\t\t<\/div>\n\t\t\t\t\t\t<\/div>\n\t\t\t\t\t<\/div>\n\t\t\t\t\t<div class=\"fjm-info-block\">\n\t\t\t\t\t\t<div class=\"icon-section\">\n\t\t\t\t\t\t\t<div class=\"icon-container\">\n\t\t\t\t\t\t\t\t<i aria-hidden=\"true\" class=\"fas fa-flag-checkered\"><\/i>\n\t\t\t\t\t\t\t\t<div class=\"icon-label\">\n\t\t\t\t\t\t\t\t\tFinish\t\t\t\t\t\t\t\t<\/div>\n\t\t\t\t\t\t\t<\/div>\n\t\t\t\t\t\t<\/div>\n\t\t\t\t\t\t<div class=\"text-section\">\n\t\t\t\t\t\t\t<div class=\"text-container\">\n\t\t\t\t\t\t\t\tEds\u00e5sdalen\t\t\t\t\t\t\t<\/div>\n\t\t\t\t\t\t<\/div>\n\t\t\t\t\t<\/div>\n\t\t\t\t\t\t\t\t\t<\/div>\n\t\t\t\t\t\t\t<\/div>\n\t\t\t\t<\/div>\n\t\t\t\t\t<\/div>\n\t\t<\/div>\n\t\t\t\t\t<\/div>\n\t\t<\/section>\n\t\t\t\t<section class=\"elementor-section elementor-top-section elementor-element elementor-element-bb76ff3 elementor-section-boxed elementor-section-height-default elementor-section-height-default\" data-id=\"bb76ff3\" data-element_type=\"section\" data-e-type=\"section\">\n\t\t\t\t\t\t<div class=\"elementor-container elementor-column-gap-default\">\n\t\t\t\t\t<div class=\"elementor-column elementor-col-100 elementor-top-column elementor-element elementor-element-a11144d\" data-id=\"a11144d\" data-element_type=\"column\" data-e-type=\"column\">\n\t\t\t<div class=\"elementor-widget-wrap elementor-element-populated\">\n\t\t\t\t\t\t<div class=\"elementor-element elementor-element-020e103 elementor-widget elementor-widget-text-editor\" data-id=\"020e103\" data-element_type=\"widget\" data-e-type=\"widget\" data-widget_type=\"text-editor.default\">\n\t\t\t\t<div class=\"elementor-widget-container\">\n\t\t\t\t\t\t\t\t\t<p><span style=\"font-weight: 400;\">We kick things off at Kia Fj\u00e4llmaraton \u00c5refj\u00e4llen with all the thrills and spills of the J\u00e4mtkraft Minimaraton, which caters for the tiniest tots right through to pre-teens.<\/span><\/p>\n<p>Non-competitive, two distances:<br \/>\n<span style=\"font-weight: 400;\">0-6 years: ca 800m<br \/>\n<\/span><span style=\"font-weight: 400;\">7-12 years: ca 1500m<\/span><\/p>\n<p><span style=\"font-weight: 400;\">The cute village of Eds\u00e5sdalen lays out a great course for kids and coincides with number distribution for the following day\u2019s Salomon 27K.<\/span><\/p>\n\t\t\t\t\t\t\t\t<\/div>\n\t\t\t\t<\/div>\n\t\t\t\t\t<\/div>\n\t\t<\/div>\n\t\t\t\t\t<\/div>\n\t\t<\/section>\n\t\t\t\t<section class=\"elementor-section elementor-top-section elementor-element elementor-element-18e1eed elementor-section-boxed elementor-section-height-default elementor-section-height-default\" data-id=\"18e1eed\" data-element_type=\"section\" data-e-type=\"section\" data-settings=\"{&quot;background_background&quot;:&quot;classic&quot;}\">\n\t\t\t\t\t\t<div class=\"elementor-container elementor-column-gap-default\">\n\t\t\t\t\t<div class=\"elementor-column elementor-col-100 elementor-top-column elementor-element elementor-element-00712e1\" data-id=\"00712e1\" data-element_type=\"column\" data-e-type=\"column\">\n\t\t\t<div class=\"elementor-widget-wrap elementor-element-populated\">\n\t\t\t\t\t\t<div class=\"elementor-element elementor-element-9537551 elementor-widget elementor-widget-shortcode\" data-id=\"9537551\" data-element_type=\"widget\" data-e-type=\"widget\" data-widget_type=\"shortcode.default\">\n\t\t\t\t<div class=\"elementor-widget-container\">\n\t\t\t\t\t\t\t<div class=\"elementor-shortcode\">\t\t<div data-elementor-type=\"section\" data-elementor-id=\"2061\" class=\"elementor elementor-2061\" data-elementor-post-type=\"elementor_library\">\n\t\t\t\t\t<section class=\"elementor-section elementor-top-section elementor-element elementor-element-4a1dd03c elementor-section-boxed elementor-section-height-default elementor-section-height-default\" data-id=\"4a1dd03c\" data-element_type=\"section\" data-e-type=\"section\" data-settings=\"{&quot;background_background&quot;:&quot;classic&quot;}\">\n\t\t\t\t\t\t<div class=\"elementor-container elementor-column-gap-default\">\n\t\t\t\t\t<div class=\"elementor-column elementor-col-100 elementor-top-column elementor-element elementor-element-17c2fe48\" data-id=\"17c2fe48\" data-element_type=\"column\" data-e-type=\"column\">\n\t\t\t<div class=\"elementor-widget-wrap elementor-element-populated\">\n\t\t\t\t\t\t<section class=\"elementor-section elementor-inner-section elementor-element elementor-element-af7d449 elementor-section-height-min-height elementor-section-boxed elementor-section-height-default\" data-id=\"af7d449\" data-element_type=\"section\" data-e-type=\"section\">\n\t\t\t\t\t\t<div class=\"elementor-container elementor-column-gap-default\">\n\t\t\t\t\t<div class=\"elementor-column elementor-col-100 elementor-inner-column elementor-element elementor-element-53a49c5\" data-id=\"53a49c5\" data-element_type=\"column\" data-e-type=\"column\">\n\t\t\t<div class=\"elementor-widget-wrap elementor-element-populated\">\n\t\t\t\t\t\t<div class=\"elementor-element elementor-element-278cdbb elementor-widget elementor-widget-image\" data-id=\"278cdbb\" data-element_type=\"widget\" data-e-type=\"widget\" data-widget_type=\"image.default\">\n\t\t\t\t<div class=\"elementor-widget-container\">\n\t\t\t\t\t\t\t\t\t\t\t\t\t\t\t\t<a href=\"https:\/\/www.kia.com\/\" target=\"_blank\">\n\t\t\t\t\t\t\t<img decoding=\"async\" src=\"https:\/\/fjallmaraton.se\/wp-content\/uploads\/elementor\/thumbs\/partner-kia-qpscci0qa8i7s5xshqu9n2ob3fj0r0cjh2p9357yys.png\" title=\"partner-kia\" alt=\"partner-kia\" loading=\"lazy\" \/>\t\t\t\t\t\t\t\t<\/a>\n\t\t\t\t\t\t\t\t\t\t\t\t\t\t\t<\/div>\n\t\t\t\t<\/div>\n\t\t\t\t\t<\/div>\n\t\t<\/div>\n\t\t\t\t\t<\/div>\n\t\t<\/section>\n\t\t\t\t\t<\/div>\n\t\t<\/div>\n\t\t\t\t\t<\/div>\n\t\t<\/section>\n\t\t\t\t<\/div>\n\t\t<\/div>\n\t\t\t\t\t\t<\/div>\n\t\t\t\t<\/div>\n\t\t\t\t\t<\/div>\n\t\t<\/div>\n\t\t\t\t\t<\/div>\n\t\t<\/section>\n\t\t\t\t<\/div>\n\t\t","protected":false},"excerpt":{"rendered":"<p>Distans H\u00f6jdmeter &#11016; m Datum Starttid Start M\u00e5l We kick things off at Kia Fj\u00e4llmaraton \u00c5refj\u00e4llen with all the thrills and spills of the J\u00e4mtkraft Minimaraton, which caters for the tiniest tots right through to pre-teens. Non-competitive, two distances: 0-6 years: ca 800m 7-12 years: ca 1500m The cute village of Eds\u00e5sdalen lays out a&hellip;&nbsp;<a href=\"https:\/\/fjallmaraton.se\/en\/the-fjallmaraton-week\/jamtkraft-minimaraton\/\" rel=\"bookmark\">Read More &raquo;<span class=\"screen-reader-text\">J\u00e4mtkraft Minimaraton<\/span><\/a><\/p>\n","protected":false},"author":1,"featured_media":0,"parent":9178,"menu_order":0,"comment_status":"closed","ping_status":"closed","template":"page-templates\/template-pagebuilder-full-width.php","meta":{"_acf_changed":false,"inline_featured_image":false,"neve_meta_sidebar":"full-width","neve_meta_container":"","neve_meta_enable_content_width":"on","neve_meta_content_width":100,"neve_meta_title_alignment":"","neve_meta_author_avatar":"","neve_post_elements_order":"","neve_meta_disable_header":"","neve_meta_disable_footer":"","neve_meta_disable_title":"","footnotes":""},"class_list":["post-9238","page","type-page","status-publish","hentry"],"acf":[],"yoast_head":"<!-- This site is optimized with the Yoast SEO plugin v27.4 - https:\/\/yoast.com\/product\/yoast-seo-wordpress\/ -->\n<title>J\u00e4mtkraft Minimaraton - Fj\u00e4llmaraton<\/title>\n<meta name=\"robots\" content=\"index, follow, max-snippet:-1, max-image-preview:large, max-video-preview:-1\" \/>\n<link rel=\"canonical\" href=\"https:\/\/fjallmaraton.se\/en\/the-fjallmaraton-week\/jamtkraft-minimaraton\/\" \/>\n<meta property=\"og:locale\" content=\"en_US\" \/>\n<meta property=\"og:type\" content=\"article\" \/>\n<meta property=\"og:title\" content=\"J\u00e4mtkraft Minimaraton - Fj\u00e4llmaraton\" \/>\n<meta property=\"og:description\" content=\"Distans H\u00f6jdmeter &#11016; m Datum Starttid Start M\u00e5l We kick things off at Kia Fj\u00e4llmaraton \u00c5refj\u00e4llen with all the thrills and spills of the J\u00e4mtkraft Minimaraton, which caters for the tiniest tots right through to pre-teens. Non-competitive, two distances: 0-6 years: ca 800m 7-12 years: ca 1500m The cute village of Eds\u00e5sdalen lays out a&hellip;&nbsp;Read More &raquo;J\u00e4mtkraft Minimaraton\" \/>\n<meta property=\"og:url\" content=\"https:\/\/fjallmaraton.se\/en\/the-fjallmaraton-week\/jamtkraft-minimaraton\/\" \/>\n<meta property=\"og:site_name\" content=\"Fj\u00e4llmaraton\" \/>\n<meta property=\"article:publisher\" content=\"https:\/\/www.facebook.com\/fjallmaraton\/\" \/>\n<meta property=\"article:modified_time\" content=\"2024-04-26T18:46:34+00:00\" \/>\n<meta property=\"og:image\" content=\"https:\/\/fjallmaraton.se\/wp-content\/uploads\/elementor\/thumbs\/KIA_fjm-grund-en-del-av-neg-qm9y9jlla7dqtrotscs7tnhabr7m3e7ca0w6mng4cw.png\" \/>\n<meta name=\"twitter:card\" content=\"summary_large_image\" \/>\n<script type=\"application\/ld+json\" class=\"yoast-schema-graph\">{\"@context\":\"https:\\\/\\\/schema.org\",\"@graph\":[{\"@type\":\"WebPage\",\"@id\":\"https:\\\/\\\/fjallmaraton.se\\\/en\\\/the-fjallmaraton-week\\\/jamtkraft-minimaraton\\\/\",\"url\":\"https:\\\/\\\/fjallmaraton.se\\\/en\\\/the-fjallmaraton-week\\\/jamtkraft-minimaraton\\\/\",\"name\":\"J\u00e4mtkraft Minimaraton - Fj\u00e4llmaraton\",\"isPartOf\":{\"@id\":\"https:\\\/\\\/fjallmaraton.se\\\/en\\\/#website\"},\"primaryImageOfPage\":{\"@id\":\"https:\\\/\\\/fjallmaraton.se\\\/en\\\/the-fjallmaraton-week\\\/jamtkraft-minimaraton\\\/#primaryimage\"},\"image\":{\"@id\":\"https:\\\/\\\/fjallmaraton.se\\\/en\\\/the-fjallmaraton-week\\\/jamtkraft-minimaraton\\\/#primaryimage\"},\"thumbnailUrl\":\"https:\\\/\\\/fjallmaraton.se\\\/wp-content\\\/uploads\\\/elementor\\\/thumbs\\\/KIA_fjm-grund-en-del-av-neg-qm9y9jlla7dqtrotscs7tnhabr7m3e7ca0w6mng4cw.png\",\"datePublished\":\"2024-02-21T09:56:22+00:00\",\"dateModified\":\"2024-04-26T18:46:34+00:00\",\"breadcrumb\":{\"@id\":\"https:\\\/\\\/fjallmaraton.se\\\/en\\\/the-fjallmaraton-week\\\/jamtkraft-minimaraton\\\/#breadcrumb\"},\"inLanguage\":\"en-US\",\"potentialAction\":[{\"@type\":\"ReadAction\",\"target\":[\"https:\\\/\\\/fjallmaraton.se\\\/en\\\/the-fjallmaraton-week\\\/jamtkraft-minimaraton\\\/\"]}]},{\"@type\":\"ImageObject\",\"inLanguage\":\"en-US\",\"@id\":\"https:\\\/\\\/fjallmaraton.se\\\/en\\\/the-fjallmaraton-week\\\/jamtkraft-minimaraton\\\/#primaryimage\",\"url\":\"https:\\\/\\\/fjallmaraton.se\\\/wp-content\\\/uploads\\\/elementor\\\/thumbs\\\/KIA_fjm-grund-en-del-av-neg-qm9y9jlla7dqtrotscs7tnhabr7m3e7ca0w6mng4cw.png\",\"contentUrl\":\"https:\\\/\\\/fjallmaraton.se\\\/wp-content\\\/uploads\\\/elementor\\\/thumbs\\\/KIA_fjm-grund-en-del-av-neg-qm9y9jlla7dqtrotscs7tnhabr7m3e7ca0w6mng4cw.png\"},{\"@type\":\"BreadcrumbList\",\"@id\":\"https:\\\/\\\/fjallmaraton.se\\\/en\\\/the-fjallmaraton-week\\\/jamtkraft-minimaraton\\\/#breadcrumb\",\"itemListElement\":[{\"@type\":\"ListItem\",\"position\":1,\"name\":\"Hem\",\"item\":\"https:\\\/\\\/fjallmaraton.se\\\/en\\\/\"},{\"@type\":\"ListItem\",\"position\":2,\"name\":\"Kia Fj\u00e4llmaraton Week\",\"item\":\"https:\\\/\\\/fjallmaraton.se\\\/en\\\/fjallmaratonveckan\\\/\"},{\"@type\":\"ListItem\",\"position\":3,\"name\":\"J\u00e4mtkraft Minimaraton\"}]},{\"@type\":\"WebSite\",\"@id\":\"https:\\\/\\\/fjallmaraton.se\\\/en\\\/#website\",\"url\":\"https:\\\/\\\/fjallmaraton.se\\\/en\\\/\",\"name\":\"Fj\u00e4llmaraton\",\"description\":\"Upplevelsel\u00f6pning i fj\u00e4llmilj\u00f6\",\"publisher\":{\"@id\":\"https:\\\/\\\/fjallmaraton.se\\\/en\\\/#organization\"},\"potentialAction\":[{\"@type\":\"SearchAction\",\"target\":{\"@type\":\"EntryPoint\",\"urlTemplate\":\"https:\\\/\\\/fjallmaraton.se\\\/en\\\/?s={search_term_string}\"},\"query-input\":{\"@type\":\"PropertyValueSpecification\",\"valueRequired\":true,\"valueName\":\"search_term_string\"}}],\"inLanguage\":\"en-US\"},{\"@type\":\"Organization\",\"@id\":\"https:\\\/\\\/fjallmaraton.se\\\/en\\\/#organization\",\"name\":\"Fj\u00e4llmaraton\",\"url\":\"https:\\\/\\\/fjallmaraton.se\\\/en\\\/\",\"logo\":{\"@type\":\"ImageObject\",\"inLanguage\":\"en-US\",\"@id\":\"https:\\\/\\\/fjallmaraton.se\\\/en\\\/#\\\/schema\\\/logo\\\/image\\\/\",\"url\":\"https:\\\/\\\/fjallmaraton.se\\\/wp-content\\\/uploads\\\/2019\\\/11\\\/fjallmaraton_neg_cropped-1.png\",\"contentUrl\":\"https:\\\/\\\/fjallmaraton.se\\\/wp-content\\\/uploads\\\/2019\\\/11\\\/fjallmaraton_neg_cropped-1.png\",\"width\":1976,\"height\":233,\"caption\":\"Fj\u00e4llmaraton\"},\"image\":{\"@id\":\"https:\\\/\\\/fjallmaraton.se\\\/en\\\/#\\\/schema\\\/logo\\\/image\\\/\"},\"sameAs\":[\"https:\\\/\\\/www.facebook.com\\\/fjallmaraton\\\/\",\"https:\\\/\\\/www.instagram.com\\\/fjallmaraton\\\/\",\"https:\\\/\\\/www.youtube.com\\\/user\\\/VertexEventTV\"]}]}<\/script>\n<!-- \/ Yoast SEO plugin. -->","yoast_head_json":{"title":"J\u00e4mtkraft Minimaraton - Fj\u00e4llmaraton","robots":{"index":"index","follow":"follow","max-snippet":"max-snippet:-1","max-image-preview":"max-image-preview:large","max-video-preview":"max-video-preview:-1"},"canonical":"https:\/\/fjallmaraton.se\/en\/the-fjallmaraton-week\/jamtkraft-minimaraton\/","og_locale":"en_US","og_type":"article","og_title":"J\u00e4mtkraft Minimaraton - Fj\u00e4llmaraton","og_description":"Distans H\u00f6jdmeter &#11016; m Datum Starttid Start M\u00e5l We kick things off at Kia Fj\u00e4llmaraton \u00c5refj\u00e4llen with all the thrills and spills of the J\u00e4mtkraft Minimaraton, which caters for the tiniest tots right through to pre-teens. Non-competitive, two distances: 0-6 years: ca 800m 7-12 years: ca 1500m The cute village of Eds\u00e5sdalen lays out a&hellip;&nbsp;Read More &raquo;J\u00e4mtkraft Minimaraton","og_url":"https:\/\/fjallmaraton.se\/en\/the-fjallmaraton-week\/jamtkraft-minimaraton\/","og_site_name":"Fj\u00e4llmaraton","article_publisher":"https:\/\/www.facebook.com\/fjallmaraton\/","article_modified_time":"2024-04-26T18:46:34+00:00","og_image":[{"url":"https:\/\/fjallmaraton.se\/wp-content\/uploads\/elementor\/thumbs\/KIA_fjm-grund-en-del-av-neg-qm9y9jlla7dqtrotscs7tnhabr7m3e7ca0w6mng4cw.png","type":"","width":"","height":""}],"twitter_card":"summary_large_image","schema":{"@context":"https:\/\/schema.org","@graph":[{"@type":"WebPage","@id":"https:\/\/fjallmaraton.se\/en\/the-fjallmaraton-week\/jamtkraft-minimaraton\/","url":"https:\/\/fjallmaraton.se\/en\/the-fjallmaraton-week\/jamtkraft-minimaraton\/","name":"J\u00e4mtkraft Minimaraton - Fj\u00e4llmaraton","isPartOf":{"@id":"https:\/\/fjallmaraton.se\/en\/#website"},"primaryImageOfPage":{"@id":"https:\/\/fjallmaraton.se\/en\/the-fjallmaraton-week\/jamtkraft-minimaraton\/#primaryimage"},"image":{"@id":"https:\/\/fjallmaraton.se\/en\/the-fjallmaraton-week\/jamtkraft-minimaraton\/#primaryimage"},"thumbnailUrl":"https:\/\/fjallmaraton.se\/wp-content\/uploads\/elementor\/thumbs\/KIA_fjm-grund-en-del-av-neg-qm9y9jlla7dqtrotscs7tnhabr7m3e7ca0w6mng4cw.png","datePublished":"2024-02-21T09:56:22+00:00","dateModified":"2024-04-26T18:46:34+00:00","breadcrumb":{"@id":"https:\/\/fjallmaraton.se\/en\/the-fjallmaraton-week\/jamtkraft-minimaraton\/#breadcrumb"},"inLanguage":"en-US","potentialAction":[{"@type":"ReadAction","target":["https:\/\/fjallmaraton.se\/en\/the-fjallmaraton-week\/jamtkraft-minimaraton\/"]}]},{"@type":"ImageObject","inLanguage":"en-US","@id":"https:\/\/fjallmaraton.se\/en\/the-fjallmaraton-week\/jamtkraft-minimaraton\/#primaryimage","url":"https:\/\/fjallmaraton.se\/wp-content\/uploads\/elementor\/thumbs\/KIA_fjm-grund-en-del-av-neg-qm9y9jlla7dqtrotscs7tnhabr7m3e7ca0w6mng4cw.png","contentUrl":"https:\/\/fjallmaraton.se\/wp-content\/uploads\/elementor\/thumbs\/KIA_fjm-grund-en-del-av-neg-qm9y9jlla7dqtrotscs7tnhabr7m3e7ca0w6mng4cw.png"},{"@type":"BreadcrumbList","@id":"https:\/\/fjallmaraton.se\/en\/the-fjallmaraton-week\/jamtkraft-minimaraton\/#breadcrumb","itemListElement":[{"@type":"ListItem","position":1,"name":"Hem","item":"https:\/\/fjallmaraton.se\/en\/"},{"@type":"ListItem","position":2,"name":"Kia Fj\u00e4llmaraton Week","item":"https:\/\/fjallmaraton.se\/en\/fjallmaratonveckan\/"},{"@type":"ListItem","position":3,"name":"J\u00e4mtkraft Minimaraton"}]},{"@type":"WebSite","@id":"https:\/\/fjallmaraton.se\/en\/#website","url":"https:\/\/fjallmaraton.se\/en\/","name":"Fj\u00e4llmaraton","description":"Upplevelsel\u00f6pning i fj\u00e4llmilj\u00f6","publisher":{"@id":"https:\/\/fjallmaraton.se\/en\/#organization"},"potentialAction":[{"@type":"SearchAction","target":{"@type":"EntryPoint","urlTemplate":"https:\/\/fjallmaraton.se\/en\/?s={search_term_string}"},"query-input":{"@type":"PropertyValueSpecification","valueRequired":true,"valueName":"search_term_string"}}],"inLanguage":"en-US"},{"@type":"Organization","@id":"https:\/\/fjallmaraton.se\/en\/#organization","name":"Fj\u00e4llmaraton","url":"https:\/\/fjallmaraton.se\/en\/","logo":{"@type":"ImageObject","inLanguage":"en-US","@id":"https:\/\/fjallmaraton.se\/en\/#\/schema\/logo\/image\/","url":"https:\/\/fjallmaraton.se\/wp-content\/uploads\/2019\/11\/fjallmaraton_neg_cropped-1.png","contentUrl":"https:\/\/fjallmaraton.se\/wp-content\/uploads\/2019\/11\/fjallmaraton_neg_cropped-1.png","width":1976,"height":233,"caption":"Fj\u00e4llmaraton"},"image":{"@id":"https:\/\/fjallmaraton.se\/en\/#\/schema\/logo\/image\/"},"sameAs":["https:\/\/www.facebook.com\/fjallmaraton\/","https:\/\/www.instagram.com\/fjallmaraton\/","https:\/\/www.youtube.com\/user\/VertexEventTV"]}]}},"_links":{"self":[{"href":"https:\/\/fjallmaraton.se\/en\/wp-json\/wp\/v2\/pages\/9238","targetHints":{"allow":["GET"]}}],"collection":[{"href":"https:\/\/fjallmaraton.se\/en\/wp-json\/wp\/v2\/pages"}],"about":[{"href":"https:\/\/fjallmaraton.se\/en\/wp-json\/wp\/v2\/types\/page"}],"author":[{"embeddable":true,"href":"https:\/\/fjallmaraton.se\/en\/wp-json\/wp\/v2\/users\/1"}],"replies":[{"embeddable":true,"href":"https:\/\/fjallmaraton.se\/en\/wp-json\/wp\/v2\/comments?post=9238"}],"version-history":[{"count":6,"href":"https:\/\/fjallmaraton.se\/en\/wp-json\/wp\/v2\/pages\/9238\/revisions"}],"predecessor-version":[{"id":9474,"href":"https:\/\/fjallmaraton.se\/en\/wp-json\/wp\/v2\/pages\/9238\/revisions\/9474"}],"up":[{"embeddable":true,"href":"https:\/\/fjallmaraton.se\/en\/wp-json\/wp\/v2\/pages\/9178"}],"wp:attachment":[{"href":"https:\/\/fjallmaraton.se\/en\/wp-json\/wp\/v2\/media?parent=9238"}],"curies":[{"name":"wp","href":"https:\/\/api.w.org\/{rel}","templated":true}]}}